{"id":54,"date":"2021-03-15T15:15:59","date_gmt":"2021-03-15T15:15:59","guid":{"rendered":"https:\/\/www.ssv-singen.de\/?page_id=54"},"modified":"2021-03-15T15:16:16","modified_gmt":"2021-03-15T15:16:16","slug":"verein","status":"publish","type":"page","link":"https:\/\/www.ssv-singen.de\/?page_id=54","title":{"rendered":"Verein"},"content":{"rendered":"<p>Freunde des Singener Sports e.V.<\/p>\n<p>&nbsp;<\/p>\n<p>Zielsetzung:<\/p>\n<p>Unterst\u00fctzung der in der Hohentwielstadt ans\u00e4ssigen Sportvereine zur Erlangung ihrer Ziele bei der F\u00f6rderung des Leistungs- und Jugendsports.<\/p>\n<p>Seit 1976 profitieren leistungssportinteressierte Vereine von den Zuwendungen zu Trainingslagern und Kosten an Wettk\u00e4mpfen.<\/p>\n<p>Aber auch vermehrt werden Antr\u00e4ge zu Zusch\u00fcssen f\u00fcr sozial schwache Mitglieder in den Vereinen gestellt und den Richtlinien entsprechend gef\u00f6rdert.<\/p>\n<p>Insgesamt 63 Mitglieder und verschiedene Sponsoren (Werbepartner M\u00fcnchriedsporthalle) stellen die Gelder f\u00fcr die unterschiedlichsten Ma\u00dfnahmen zur Verf\u00fcgung.<\/p>\n<p>Zur Zeit sind auch 30 der Sporttreibenden Vereine Mitglied der \u201eFreunde des Singener Sports e.V.\u201c.<\/p>\n<p>Die Vorstandschaft besteht aus den Vorstandsmitgliedern von Stadtsportverband Singen und dem Sportamt.<\/p>\n<p>&nbsp;<\/p>\n<p>Vorsitzender<\/p>\n<p>Hubert Denzel<\/p>\n<p>Ob den Reben 7<\/p>\n<p>78224 Singen<\/p>\n<p>Mobil: 0170 \/ 8327747<\/p>\n<p>Email: hubert-denzel@t-online.de<\/p>\n","protected":false},"excerpt":{"rendered":"<p>Freunde des Singener Sports e.V. &nbsp; Zielsetzung: Unterst\u00fctzung der in der Hohentwielstadt ans\u00e4ssigen Sportvereine zur Erlangung ihrer Ziele bei der F\u00f6rderung des Leistungs- und Jugendsports. Seit 1976 profitieren leistungssportinteressierte Vereine von den Zuwendungen zu Trainingslagern und Kosten an Wettk\u00e4mpfen. Aber auch vermehrt werden Antr\u00e4ge zu Zusch\u00fcssen f\u00fcr sozial schwache Mitglieder in den Vereinen gestellt und<a class=\"moretag\" href=\"https:\/\/www.ssv-singen.de\/?page_id=54\"> Read more&#8230;<\/a><\/p>\n","protected":false},"author":1,"featured_media":0,"parent":0,"menu_order":0,"comment_status":"closed","ping_status":"closed","template":"","meta":[],"yoast_head":"<!-- This site is optimized with the Yoast SEO plugin v15.9.2 - https:\/\/yoast.com\/wordpress\/plugins\/seo\/ -->\n<title>Verein - StadtSportVerband Singen<\/title>\n<link rel=\"canonical\" href=\"https:\/\/www.ssv-singen.de\/?page_id=54\" \/>\n<meta property=\"og:locale\" content=\"de_DE\" \/>\n<meta property=\"og:type\" content=\"article\" \/>\n<meta property=\"og:title\" content=\"Verein - StadtSportVerband Singen\" \/>\n<meta property=\"og:description\" content=\"Freunde des Singener Sports e.V. &nbsp; Zielsetzung: Unterst\u00fctzung der in der Hohentwielstadt ans\u00e4ssigen Sportvereine zur Erlangung ihrer Ziele bei der F\u00f6rderung des Leistungs- und Jugendsports. Seit 1976 profitieren leistungssportinteressierte Vereine von den Zuwendungen zu Trainingslagern und Kosten an Wettk\u00e4mpfen. Aber auch vermehrt werden Antr\u00e4ge zu Zusch\u00fcssen f\u00fcr sozial schwache Mitglieder in den Vereinen gestellt und Read more...\" \/>\n<meta property=\"og:url\" content=\"https:\/\/www.ssv-singen.de\/?page_id=54\" \/>\n<meta property=\"og:site_name\" content=\"StadtSportVerband Singen\" \/>\n<meta property=\"article:modified_time\" content=\"2021-03-15T15:16:16+00:00\" \/>\n<meta name=\"twitter:card\" content=\"summary_large_image\" \/>\n<meta name=\"twitter:label1\" content=\"Gesch\u00e4tzte Lesezeit\">\n\t<meta name=\"twitter:data1\" content=\"1\u00a0Minute\">\n<script type=\"application\/ld+json\" class=\"yoast-schema-graph\">{\"@context\":\"https:\/\/schema.org\",\"@graph\":[{\"@type\":\"WebSite\",\"@id\":\"https:\/\/www.ssv-singen.de\/#website\",\"url\":\"https:\/\/www.ssv-singen.de\/\",\"name\":\"StadtSportVerband Singen\",\"description\":\"Vertetung aller Singener Vereine\",\"potentialAction\":[{\"@type\":\"SearchAction\",\"target\":\"https:\/\/www.ssv-singen.de\/?s={search_term_string}\",\"query-input\":\"required name=search_term_string\"}],\"inLanguage\":\"de\"},{\"@type\":\"WebPage\",\"@id\":\"https:\/\/www.ssv-singen.de\/?page_id=54#webpage\",\"url\":\"https:\/\/www.ssv-singen.de\/?page_id=54\",\"name\":\"Verein - StadtSportVerband Singen\",\"isPartOf\":{\"@id\":\"https:\/\/www.ssv-singen.de\/#website\"},\"datePublished\":\"2021-03-15T15:15:59+00:00\",\"dateModified\":\"2021-03-15T15:16:16+00:00\",\"breadcrumb\":{\"@id\":\"https:\/\/www.ssv-singen.de\/?page_id=54#breadcrumb\"},\"inLanguage\":\"de\",\"potentialAction\":[{\"@type\":\"ReadAction\",\"target\":[\"https:\/\/www.ssv-singen.de\/?page_id=54\"]}]},{\"@type\":\"BreadcrumbList\",\"@id\":\"https:\/\/www.ssv-singen.de\/?page_id=54#breadcrumb\",\"itemListElement\":[{\"@type\":\"ListItem\",\"position\":1,\"item\":{\"@type\":\"WebPage\",\"@id\":\"https:\/\/www.ssv-singen.de\/\",\"url\":\"https:\/\/www.ssv-singen.de\/\",\"name\":\"Home\"}},{\"@type\":\"ListItem\",\"position\":2,\"item\":{\"@type\":\"WebPage\",\"@id\":\"https:\/\/www.ssv-singen.de\/?page_id=54\",\"url\":\"https:\/\/www.ssv-singen.de\/?page_id=54\",\"name\":\"Verein\"}}]}]}<\/script>\n<!-- \/ Yoast SEO plugin. -->","_links":{"self":[{"href":"https:\/\/www.ssv-singen.de\/index.php?rest_route=\/wp\/v2\/pages\/54"}],"collection":[{"href":"https:\/\/www.ssv-singen.de\/index.php?rest_route=\/wp\/v2\/pages"}],"about":[{"href":"https:\/\/www.ssv-singen.de\/index.php?rest_route=\/wp\/v2\/types\/page"}],"author":[{"embeddable":true,"href":"https:\/\/www.ssv-singen.de\/index.php?rest_route=\/wp\/v2\/users\/1"}],"replies":[{"embeddable":true,"href":"https:\/\/www.ssv-singen.de\/index.php?rest_route=%2Fwp%2Fv2%2Fcomments&post=54"}],"version-history":[{"count":1,"href":"https:\/\/www.ssv-singen.de\/index.php?rest_route=\/wp\/v2\/pages\/54\/revisions"}],"predecessor-version":[{"id":55,"href":"https:\/\/www.ssv-singen.de\/index.php?rest_route=\/wp\/v2\/pages\/54\/revisions\/55"}],"wp:attachment":[{"href":"https:\/\/www.ssv-singen.de\/index.php?rest_route=%2Fwp%2Fv2%2Fmedia&parent=54"}],"curies":[{"name":"wp","href":"https:\/\/api.w.org\/{rel}","templated":true}]}}