{"id":6,"date":"2021-02-03T11:26:08","date_gmt":"2021-02-03T11:26:08","guid":{"rendered":"https:\/\/www.ssv-singen.de\/?page_id=6"},"modified":"2021-03-15T15:02:32","modified_gmt":"2021-03-15T15:02:32","slug":"create-your-website-with-blocks","status":"publish","type":"page","link":"https:\/\/www.ssv-singen.de\/","title":{"rendered":"StadtSportVerband Singen"},"content":{"rendered":"<p>Der StadtSportVerband ist die Vertretung der Sporttreibenden Vereine in Singen.<\/p>\n<p>&nbsp;<\/p>\n<p>Er wurde 1976 als \u201eSportausschuss\u201c gegr\u00fcndet und war auf die Mitglieds- vereine des Badischen Sportbundes beschr\u00e4nkt.<\/p>\n<p>In der Hauptversammlung 2020 wurde die neue Gesch\u00e4ftsordnung beschlossen, in der die Erweiterung auf \u201ealle Sporttreibenden Vereine in Singen\u201c beschlossen wurde.<\/p>\n<p>Durch die gleichzeitige Erweiterung auf bis zu 7 Beisitzer sollte auch ein Abbild der gr\u00f6\u00dferen Vereine und Sportarten aus Singen erm\u00f6glicht werden.<\/p>\n<p>Der StadtSportVerband vertritt die Interessen der Sportvereine und befasst sich mit den sportlichen Angelegenheiten, die \u00fcber den Vereinsrahmen hinausgehen.<\/p>\n<p>Er soll mit der Stadtverwaltung in engem Kontakt stehen, die W\u00fcnsche und Anregungen der Singener Sportvereine dort vortragen und bei Planung und Bau von Sportst\u00e4tten als Fachausschuss zur Verf\u00fcgung stehen.<\/p>\n<p>In der letzten Hauptversammlung vom 10.2.2020, im Vereinsheim des FC Singen 04, wurde der neue Vorstand gew\u00e4hlt.<\/p>\n<p>&nbsp;<\/p>\n<div id=\"attachment_49\" style=\"width: 496px\" class=\"wp-caption aligncenter\"><img aria-describedby=\"caption-attachment-49\" loading=\"lazy\" class=\" wp-image-49\" src=\"https:\/\/www.ssv-singen.de\/wp-content\/uploads\/2021\/03\/Vorstand-2020-300x155.jpg\" alt=\"Vorstand StadtSportVerband Singen\" width=\"486\" height=\"251\" srcset=\"https:\/\/www.ssv-singen.de\/wp-content\/uploads\/2021\/03\/Vorstand-2020-300x155.jpg 300w, https:\/\/www.ssv-singen.de\/wp-content\/uploads\/2021\/03\/Vorstand-2020-1024x529.jpg 1024w, https:\/\/www.ssv-singen.de\/wp-content\/uploads\/2021\/03\/Vorstand-2020-768x397.jpg 768w, https:\/\/www.ssv-singen.de\/wp-content\/uploads\/2021\/03\/Vorstand-2020-1536x793.jpg 1536w, https:\/\/www.ssv-singen.de\/wp-content\/uploads\/2021\/03\/Vorstand-2020-2048x1058.jpg 2048w\" sizes=\"(max-width: 486px) 100vw, 486px\" \/><p id=\"caption-attachment-49\" class=\"wp-caption-text\">Von links: Winfried Skowronek (STTV), Sebastian Lutz (Ski-Club), Bettina Heck (SSF), Rita Jeske-PLess (FC Singen 04, 2. Vorsitzende), Hubert Denzel, SG Singen 04, 1.Vorsitzender), Bettina Frank (DJK Singen), Daniel Kech (DJK Singen), Stefan Goldberg (TTC Singen, Vorsitzender Sportjugend)<\/p><\/div>\n<p>&nbsp;<\/p>\n<p>&nbsp;<\/p>\n","protected":false},"excerpt":{"rendered":"<p>Der StadtSportVerband ist die Vertretung der Sporttreibenden Vereine in Singen. &nbsp; Er wurde 1976 als \u201eSportausschuss\u201c gegr\u00fcndet und war auf die Mitglieds- vereine des Badischen Sportbundes beschr\u00e4nkt. In der Hauptversammlung 2020 wurde die neue Gesch\u00e4ftsordnung beschlossen, in der die Erweiterung auf \u201ealle Sporttreibenden Vereine in Singen\u201c beschlossen wurde. Durch die gleichzeitige Erweiterung auf bis zu<a class=\"moretag\" href=\"https:\/\/www.ssv-singen.de\/\"> Read more&#8230;<\/a><\/p>\n","protected":false},"author":1,"featured_media":0,"parent":0,"menu_order":0,"comment_status":"closed","ping_status":"closed","template":"","meta":[],"yoast_head":"<!-- This site is optimized with the Yoast SEO plugin v15.9.2 - https:\/\/yoast.com\/wordpress\/plugins\/seo\/ -->\n<title>StadtSportVerband Singen - StadtSportVerband Singen<\/title>\n<link rel=\"canonical\" href=\"https:\/\/www.ssv-singen.de\/\" \/>\n<meta property=\"og:locale\" content=\"de_DE\" \/>\n<meta property=\"og:type\" content=\"article\" \/>\n<meta property=\"og:title\" content=\"StadtSportVerband Singen - StadtSportVerband Singen\" \/>\n<meta property=\"og:description\" content=\"Der StadtSportVerband ist die Vertretung der Sporttreibenden Vereine in Singen. &nbsp; Er wurde 1976 als \u201eSportausschuss\u201c gegr\u00fcndet und war auf die Mitglieds- vereine des Badischen Sportbundes beschr\u00e4nkt. In der Hauptversammlung 2020 wurde die neue Gesch\u00e4ftsordnung beschlossen, in der die Erweiterung auf \u201ealle Sporttreibenden Vereine in Singen\u201c beschlossen wurde. Durch die gleichzeitige Erweiterung auf bis zu Read more...\" \/>\n<meta property=\"og:url\" content=\"https:\/\/www.ssv-singen.de\/\" \/>\n<meta property=\"og:site_name\" content=\"StadtSportVerband Singen\" \/>\n<meta property=\"article:modified_time\" content=\"2021-03-15T15:02:32+00:00\" \/>\n<meta property=\"og:image\" content=\"https:\/\/www.ssv-singen.de\/wp-content\/uploads\/2021\/03\/Vorstand-2020-300x155.jpg\" \/>\n<meta name=\"twitter:card\" content=\"summary_large_image\" \/>\n<meta name=\"twitter:label1\" content=\"Gesch\u00e4tzte Lesezeit\">\n\t<meta name=\"twitter:data1\" content=\"1\u00a0Minute\">\n<script type=\"application\/ld+json\" class=\"yoast-schema-graph\">{\"@context\":\"https:\/\/schema.org\",\"@graph\":[{\"@type\":\"WebSite\",\"@id\":\"https:\/\/www.ssv-singen.de\/#website\",\"url\":\"https:\/\/www.ssv-singen.de\/\",\"name\":\"StadtSportVerband Singen\",\"description\":\"Vertetung aller Singener Vereine\",\"potentialAction\":[{\"@type\":\"SearchAction\",\"target\":\"https:\/\/www.ssv-singen.de\/?s={search_term_string}\",\"query-input\":\"required name=search_term_string\"}],\"inLanguage\":\"de\"},{\"@type\":\"ImageObject\",\"@id\":\"https:\/\/www.ssv-singen.de\/#primaryimage\",\"inLanguage\":\"de\",\"url\":\"https:\/\/www.ssv-singen.de\/wp-content\/uploads\/2021\/03\/Vorstand-2020-300x155.jpg\"},{\"@type\":\"WebPage\",\"@id\":\"https:\/\/www.ssv-singen.de\/#webpage\",\"url\":\"https:\/\/www.ssv-singen.de\/\",\"name\":\"StadtSportVerband Singen - StadtSportVerband Singen\",\"isPartOf\":{\"@id\":\"https:\/\/www.ssv-singen.de\/#website\"},\"primaryImageOfPage\":{\"@id\":\"https:\/\/www.ssv-singen.de\/#primaryimage\"},\"datePublished\":\"2021-02-03T11:26:08+00:00\",\"dateModified\":\"2021-03-15T15:02:32+00:00\",\"breadcrumb\":{\"@id\":\"https:\/\/www.ssv-singen.de\/#breadcrumb\"},\"inLanguage\":\"de\",\"potentialAction\":[{\"@type\":\"ReadAction\",\"target\":[\"https:\/\/www.ssv-singen.de\/\"]}]},{\"@type\":\"BreadcrumbList\",\"@id\":\"https:\/\/www.ssv-singen.de\/#breadcrumb\",\"itemListElement\":[{\"@type\":\"ListItem\",\"position\":1,\"item\":{\"@type\":\"WebPage\",\"@id\":\"https:\/\/www.ssv-singen.de\/\",\"url\":\"https:\/\/www.ssv-singen.de\/\",\"name\":\"Home\"}},{\"@type\":\"ListItem\",\"position\":2,\"item\":{\"@type\":\"WebPage\",\"@id\":\"https:\/\/www.ssv-singen.de\/\",\"url\":\"https:\/\/www.ssv-singen.de\/\",\"name\":\"StadtSportVerband Singen\"}}]}]}<\/script>\n<!-- \/ Yoast SEO plugin. -->","_links":{"self":[{"href":"https:\/\/www.ssv-singen.de\/index.php?rest_route=\/wp\/v2\/pages\/6"}],"collection":[{"href":"https:\/\/www.ssv-singen.de\/index.php?rest_route=\/wp\/v2\/pages"}],"about":[{"href":"https:\/\/www.ssv-singen.de\/index.php?rest_route=\/wp\/v2\/types\/page"}],"author":[{"embeddable":true,"href":"https:\/\/www.ssv-singen.de\/index.php?rest_route=\/wp\/v2\/users\/1"}],"replies":[{"embeddable":true,"href":"https:\/\/www.ssv-singen.de\/index.php?rest_route=%2Fwp%2Fv2%2Fcomments&post=6"}],"version-history":[{"count":9,"href":"https:\/\/www.ssv-singen.de\/index.php?rest_route=\/wp\/v2\/pages\/6\/revisions"}],"predecessor-version":[{"id":53,"href":"https:\/\/www.ssv-singen.de\/index.php?rest_route=\/wp\/v2\/pages\/6\/revisions\/53"}],"wp:attachment":[{"href":"https:\/\/www.ssv-singen.de\/index.php?rest_route=%2Fwp%2Fv2%2Fmedia&parent=6"}],"curies":[{"name":"wp","href":"https:\/\/api.w.org\/{rel}","templated":true}]}}